{"id":988,"date":"2024-11-04T13:57:42","date_gmt":"2024-11-04T12:57:42","guid":{"rendered":"https:\/\/debiestraatseweide.nl\/datenschutzbestimmungen\/"},"modified":"2025-04-24T15:23:46","modified_gmt":"2025-04-24T13:23:46","slug":"datenschutzbestimmungen","status":"publish","type":"page","link":"https:\/\/debiestraatseweide.nl\/de\/datenschutzbestimmungen\/","title":{"rendered":"Datenschutzbestimmungen"},"content":{"rendered":"\t\t<div data-elementor-type=\"wp-page\" data-elementor-id=\"988\" class=\"elementor elementor-988 elementor-3\" data-elementor-post-type=\"page\">\n\t\t\t\t<div class=\"elementor-element elementor-element-41bca1e e-flex e-con-boxed e-con e-parent\" data-id=\"41bca1e\" data-element_type=\"container\" data-e-type=\"container\" data-settings=\"{&quot;background_background&quot;:&quot;classic&quot;}\">\n\t\t\t\t\t<div class=\"e-con-inner\">\n\t\t\t\t<div class=\"elementor-element elementor-element-909686d elementor-widget elementor-widget-elementskit-heading\" data-id=\"909686d\" data-element_type=\"widget\" data-e-type=\"widget\" data-widget_type=\"elementskit-heading.default\">\n\t\t\t\t<div class=\"elementor-widget-container\">\n\t\t\t\t\t<div class=\"ekit-wid-con\" ><div class=\"ekit-heading elementskit-section-title-wraper text_left   ekit_heading_tablet-   ekit_heading_mobile-text_center\"><h1 class=\"ekit-heading--title elementskit-section-title \"><span>Privacy<\/span><span> <\/span> Anweisung<\/h1><\/div><\/div>\t\t\t\t<\/div>\n\t\t\t\t<\/div>\n\t\t\t\t<div class=\"elementor-element elementor-element-e86e047 elementor-widget elementor-widget-breadcrumbs\" data-id=\"e86e047\" data-element_type=\"widget\" data-e-type=\"widget\" data-widget_type=\"breadcrumbs.default\">\n\t\t\t\t<div class=\"elementor-widget-container\">\n\t\t\t\t\t<p id=\"breadcrumbs\"><span><span><a href=\"https:\/\/debiestraatseweide.nl\/de\/startseite\/\">Home<\/a><\/span><\/span><\/p>\t\t\t\t<\/div>\n\t\t\t\t<\/div>\n\t\t\t\t\t<\/div>\n\t\t\t\t<\/div>\n\t\t<div class=\"elementor-element elementor-element-fa3efdc e-flex e-con-boxed e-con e-parent\" data-id=\"fa3efdc\" data-element_type=\"container\" data-e-type=\"container\" data-settings=\"{&quot;background_background&quot;:&quot;classic&quot;}\">\n\t\t\t\t\t<div class=\"e-con-inner\">\n\t\t<div class=\"elementor-element elementor-element-6362ac5 e-con-full e-flex e-con e-child\" data-id=\"6362ac5\" data-element_type=\"container\" data-e-type=\"container\">\n\t\t\t\t<div class=\"elementor-element elementor-element-d8f2339 elementor-widget elementor-widget-text-editor\" data-id=\"d8f2339\" data-element_type=\"widget\" data-e-type=\"widget\" data-widget_type=\"text-editor.default\">\n\t\t\t\t<div class=\"elementor-widget-container\">\n\t\t\t\t\t\t\t\t\t<p><strong>Wir behandeln Ihre Daten vertraulich. Sie k\u00f6nnen unsere Datenschutzbestimmungen auf dieser Seite lesen.  <\/strong><\/p>\t\t\t\t\t\t\t\t<\/div>\n\t\t\t\t<\/div>\n\t\t\t\t<div class=\"elementor-element elementor-element-5cb880e animated-slow elementor-invisible elementor-widget elementor-widget-elementskit-heading\" data-id=\"5cb880e\" data-element_type=\"widget\" data-e-type=\"widget\" data-settings=\"{&quot;_animation&quot;:&quot;fadeInUp&quot;}\" data-widget_type=\"elementskit-heading.default\">\n\t\t\t\t<div class=\"elementor-widget-container\">\n\t\t\t\t\t<div class=\"ekit-wid-con\" ><div class=\"ekit-heading elementskit-section-title-wraper text_left   ekit_heading_tablet-   ekit_heading_mobile-\"><h2 class=\"ekit-heading--title elementskit-section-title \">Erkl\u00e4rung zum Datenschutz B&amp;B De Biestraatse Weide Gilze<\/h2><\/div><\/div>\t\t\t\t<\/div>\n\t\t\t\t<\/div>\n\t\t\t\t<div class=\"elementor-element elementor-element-db3e51d elementor-widget-divider--view-line elementor-widget elementor-widget-divider\" data-id=\"db3e51d\" data-element_type=\"widget\" data-e-type=\"widget\" data-widget_type=\"divider.default\">\n\t\t\t\t<div class=\"elementor-widget-container\">\n\t\t\t\t\t\t\t<div class=\"elementor-divider\">\n\t\t\t<span class=\"elementor-divider-separator\">\n\t\t\t\t\t\t<\/span>\n\t\t<\/div>\n\t\t\t\t\t\t<\/div>\n\t\t\t\t<\/div>\n\t\t\t\t<div class=\"elementor-element elementor-element-b83975b elementor-widget elementor-widget-text-editor\" data-id=\"b83975b\" data-element_type=\"widget\" data-e-type=\"widget\" data-widget_type=\"text-editor.default\">\n\t\t\t\t<div class=\"elementor-widget-container\">\n\t\t\t\t\t\t\t\t\t<p class=\"p1\">B&amp;B de Biestraatse weide, mit Sitz in der Biestraat 3 5126 NH Gilze, ist verantwortlich f\u00fcr die Verarbeitung personenbezogener Daten, wie in dieser Datenschutzerkl\u00e4rung beschrieben.<\/p><p class=\"p1\"><strong>Kontaktinformationen:<\/strong><\/p><p class=\"p1\">https:\/\/debiestraatseweide.nl<br>Biestraat 3 5126 NH Gilze<br>06-16373039<\/p><p class=\"p1\">Rianne van Hoek ist die Datenschutzbeauftragte von B&amp;B de Biestraatse weide. Sie k\u00f6nnen sie unter info@debiestraatseweide.nl erreichen. <\/p><h4> <\/h4><h4 class=\"p1\">Pers\u00f6nliche Daten, die wir verarbeiten<\/h4><p class=\"p1\">B&amp;B de Biestraatse weide verarbeitet Ihre personenbezogenen Daten, weil Sie unsere Dienste in Anspruch nehmen und\/oder weil Sie sie uns selbst zur Verf\u00fcgung stellen. Nachstehend finden Sie eine \u00dcbersicht \u00fcber die personenbezogenen Daten, die wir verarbeiten: <\/p><p class=\"p1\">&#8211; Vorname und Nachname<\/p><p class=\"p1\">&#8211; Geburtsdatum<\/p><p class=\"p1\">&#8211; Adresse Details<\/p><p class=\"p1\">&#8211; Rufnummer<\/p><p class=\"p1\">&#8211; E-Mail Adresse<\/p><p class=\"p1\">&#8211; Bankkontonummer<\/p><h4> <\/h4><h4 class=\"p2\">Besondere und\/oder sensible pers\u00f6nliche Daten, die wir verarbeiten<\/h4><p class=\"p1\">Unsere Website und\/oder unser Service beabsichtigt nicht, Daten von Website-Besuchern zu sammeln, die unter 16 Jahre alt sind. Es sei denn, sie haben die Zustimmung ihrer Eltern oder Erziehungsberechtigten. Wir k\u00f6nnen jedoch nicht \u00fcberpr\u00fcfen, ob ein Besucher \u00e4lter als 16 Jahre ist. Wir raten Eltern daher, sich mit den Online-Aktivit\u00e4ten ihrer Kinder zu befassen, um zu vermeiden, dass Daten von Kindern ohne elterliche Zustimmung erfasst werden. Wenn Sie davon \u00fcberzeugt sind, dass wir personenbezogene Daten \u00fcber einen Minderj\u00e4hrigen ohne eine solche Zustimmung gesammelt haben, kontaktieren Sie uns bitte unter info@debiestraatseweide.nl und wir werden diese Informationen l\u00f6schen.    <\/p><h4> <\/h4><h4 class=\"p2\">Zu welchem Zweck und auf welcher Grundlage wir personenbezogene Daten verarbeiten<\/h4><p class=\"p1\">B&amp;B de Biestraatse weide verarbeitet Ihre personenbezogenen Daten f\u00fcr die folgenden Zwecke:<\/p><p class=\"p1\">&#8211; Abwicklung Ihrer Zahlung<\/p><p class=\"p1\">&#8211; Sie anzurufen oder per E-Mail zu kontaktieren, falls dies zur Erbringung unserer Dienstleistungen erforderlich ist<\/p><h4> <\/h4><h4 class=\"p2\">Automatisierte Entscheidungsfindung<\/h4><p class=\"p1\">B&amp;B de Biestraatse weide \u00fcbernimmt #Verantwortung auf der Grundlage automatisierter Verarbeitungsentscheidungen \u00fcber Angelegenheiten, die Personen (erheblich) betreffen k\u00f6nnen. Dies sind Entscheidungen, die von Computerprogrammen oder -systemen getroffen werden, ohne dass ein Mensch (z.B. ein Mitarbeiter von B&amp;B de Biestraatse weide) daran beteiligt ist. B&amp;B de Biestraatse weide verwendet die folgenden Computerprogramme oder -systeme: #use_explanation  <\/p><h4> <\/h4><h4 class=\"p2\">Wie lange wir pers\u00f6nliche Daten aufbewahren<\/h4><p class=\"p1\">B&amp;B de Biestraatse weide wird Ihre pers\u00f6nlichen Daten nicht l\u00e4nger aufbewahren, als es f\u00fcr die Erf\u00fcllung der Zwecke, f\u00fcr die Ihre Daten erhoben wurden, unbedingt erforderlich ist.<\/p><p class=\"p1\">Wir wenden eine 5-j\u00e4hrige Aufbewahrungsfrist f\u00fcr Kundendaten an.<\/p><h4> <\/h4><h4 class=\"p2\">Weitergabe pers\u00f6nlicher Daten an Dritte<\/h4><p class=\"p1\">B&amp;B de Biestraatse weide gibt die Daten nur dann an Dritte weiter, wenn dies f\u00fcr die Erf\u00fcllung unserer Vereinbarung mit Ihnen oder zur Erf\u00fcllung einer gesetzlichen Verpflichtung erforderlich ist.<\/p><h4> <\/h4><h4 class=\"p2\">Cookies oder \u00e4hnliche Techniken, die wir verwenden<\/h4><p class=\"p1\">B&amp;B de Biestraatse weide verwendet nur technische und funktionelle Cookies. Und analytische Cookies, die Ihre Privatsph\u00e4re nicht verletzen. Ein Cookie ist eine kleine Textdatei, die auf Ihrem Computer, Tablet oder Smartphone gespeichert wird, wenn Sie diese Website zum ersten Mal besuchen. Die von uns verwendeten Cookies sind f\u00fcr das technische Funktionieren der Website und Ihre Benutzerfreundlichkeit notwendig. Sie sorgen daf\u00fcr, dass die Website ordnungsgem\u00e4\u00df funktioniert und merken sich zum Beispiel Ihre Pr\u00e4ferenzen. Sie erm\u00f6glichen es uns auch, unsere Website zu optimieren. Sie k\u00f6nnen die Verwendung von Cookies ablehnen, indem Sie Ihren Internetbrowser so einstellen, dass keine Cookies mehr gespeichert werden. Sie k\u00f6nnen auch alle zuvor gespeicherten Informationen \u00fcber Ihre Browsereinstellungen l\u00f6schen.       <\/p><h4> <\/h4><h4 class=\"p2\">Daten ansehen, \u00e4ndern oder l\u00f6schen<\/h4><p class=\"p1\">Sie haben das Recht, Ihre personenbezogenen Daten einzusehen, zu korrigieren oder zu l\u00f6schen. Sie haben auch das Recht, Ihre eventuelle Zustimmung zur Datenverarbeitung zur\u00fcckzuziehen oder der Verarbeitung Ihrer personenbezogenen Daten durch B&amp;B de Biestraatse weide zu widersprechen, und Sie haben das Recht auf Daten\u00fcbertragbarkeit. Das bedeutet, dass Sie bei uns beantragen k\u00f6nnen, dass die personenbezogenen Daten, die wir \u00fcber Sie in einer Computerdatei gespeichert haben, an Sie oder eine andere von Ihnen benannte Organisation \u00fcbermittelt werden. Sie k\u00f6nnen einen Antrag auf Einsichtnahme, Berichtigung, L\u00f6schung, Daten\u00fcbertragbarkeit Ihrer personenbezogenen Daten oder einen Antrag auf Widerruf Ihrer Einwilligung oder Widerspruch gegen die Verarbeitung Ihrer personenbezogenen Daten an info@debiestraatseweide.nl senden. Um sicherzustellen, dass der Antrag auf Einsichtnahme von Ihnen gestellt wird, bitten wir Sie, dem Antrag eine Kopie Ihres Identit\u00e4tsnachweises beizuf\u00fcgen. Schw\u00e4rzen Sie in dieser Kopie Ihr Passfoto, die MRZ (maschinenlesbare Zone, der Zahlenstreifen am unteren Rand des Passes), die Passnummer und die B\u00fcrgerservicenummer (BSN). Dies dient dem Schutz Ihrer Privatsph\u00e4re. Wir werden Ihren Antrag so schnell wie m\u00f6glich, jedoch innerhalb von vier Wochen, beantworten.       <\/p><p class=\"p1\">B&amp;B de Biestraatse weide m\u00f6chte Sie auch dar\u00fcber informieren, dass Sie die M\u00f6glichkeit haben, eine Beschwerde bei der nationalen Aufsichtsbeh\u00f6rde, der Beh\u00f6rde f\u00fcr personenbezogene Daten, einzureichen. Sie k\u00f6nnen dies \u00fcber den folgenden Link tun: <a href=\"https:\/\/autoriteitpersoonsgegevens.nl\/nl\/contact-met-de-autoriteit-persoonsgegevens\/tip-ons\">https:\/\/autoriteitpersoonsgegevens.nl\/nl\/contact-met-de-autoriteit-persoonsgegevens\/tip-ons<\/a> <\/p><h4> <\/h4><h4 class=\"p2\">Wie wir pers\u00f6nliche Daten sch\u00fctzen<\/h4><p class=\"p1\">B&amp;B de Biestraatse weide nimmt den Schutz Ihrer Daten ernst und ergreift geeignete Ma\u00dfnahmen, um Missbrauch, Verlust, unbefugten Zugriff, unerw\u00fcnschte Offenlegung und unbefugte \u00c4nderung zu verhindern. Wenn Sie den Eindruck haben, dass Ihre Daten nicht ordnungsgem\u00e4\u00df gesichert sind oder es Anzeichen f\u00fcr einen Missbrauch gibt, wenden Sie sich bitte an unseren Kundenservice oder \u00fcber info@debiestraatseweide.nl. <\/p>\t\t\t\t\t\t\t\t<\/div>\n\t\t\t\t<\/div>\n\t\t\t\t<\/div>\n\t\t\t\t\t<\/div>\n\t\t\t\t<\/div>\n\t\t\t\t<\/div>\n\t\t","protected":false},"excerpt":{"rendered":"<p>Privacy Anweisung Wir behandeln Ihre Daten vertraulich. Sie k\u00f6nnen unsere Datenschutzbestimmungen auf dieser Seite lesen. Erkl\u00e4rung zum Datenschutz B&amp;B De Biestraatse Weide Gilze B&amp;B de Biestraatse weide, mit Sitz in der Biestraat 3 5126 NH Gilze, ist verantwortlich f\u00fcr die Verarbeitung personenbezogener Daten, wie in dieser Datenschutzerkl\u00e4rung beschrieben. Kontaktinformationen: https:\/\/debiestraatseweide.nlBiestraat 3 5126 NH Gilze06-16373039 Rianne [&hellip;]<\/p>\n","protected":false},"author":2,"featured_media":0,"parent":0,"menu_order":0,"comment_status":"closed","ping_status":"open","template":"","meta":{"footnotes":""},"class_list":["post-988","page","type-page","status-publish","hentry"],"yoast_head":"<!-- This site is optimized with the Yoast SEO plugin v27.4 - https:\/\/yoast.com\/product\/yoast-seo-wordpress\/ -->\n<title>Datenschutzbestimmungen - B&amp;B De Biestraatseweide<\/title>\n<meta name=\"robots\" content=\"index, follow, max-snippet:-1, max-image-preview:large, max-video-preview:-1\" \/>\n<link rel=\"canonical\" href=\"https:\/\/debiestraatseweide.nl\/de\/datenschutzbestimmungen\/\" \/>\n<meta property=\"og:locale\" content=\"de_DE\" \/>\n<meta property=\"og:type\" content=\"article\" \/>\n<meta property=\"og:title\" content=\"Datenschutzbestimmungen - B&amp;B De Biestraatseweide\" \/>\n<meta property=\"og:description\" content=\"Privacy Anweisung Wir behandeln Ihre Daten vertraulich. Sie k\u00f6nnen unsere Datenschutzbestimmungen auf dieser Seite lesen. Erkl\u00e4rung zum Datenschutz B&amp;B De Biestraatse Weide Gilze B&amp;B de Biestraatse weide, mit Sitz in der Biestraat 3 5126 NH Gilze, ist verantwortlich f\u00fcr die Verarbeitung personenbezogener Daten, wie in dieser Datenschutzerkl\u00e4rung beschrieben. Kontaktinformationen: https:\/\/debiestraatseweide.nlBiestraat 3 5126 NH Gilze06-16373039 Rianne [&hellip;]\" \/>\n<meta property=\"og:url\" content=\"https:\/\/debiestraatseweide.nl\/de\/datenschutzbestimmungen\/\" \/>\n<meta property=\"og:site_name\" content=\"B&amp;B De Biestraatseweide\" \/>\n<meta property=\"article:modified_time\" content=\"2025-04-24T13:23:46+00:00\" \/>\n<meta name=\"twitter:card\" content=\"summary_large_image\" \/>\n<meta name=\"twitter:label1\" content=\"Gesch\u00e4tzte Lesezeit\" \/>\n\t<meta name=\"twitter:data1\" content=\"4\u00a0Minuten\" \/>\n<script type=\"application\/ld+json\" class=\"yoast-schema-graph\">{\"@context\":\"https:\\\/\\\/schema.org\",\"@graph\":[{\"@type\":\"WebPage\",\"@id\":\"https:\\\/\\\/debiestraatseweide.nl\\\/de\\\/datenschutzbestimmungen\\\/\",\"url\":\"https:\\\/\\\/debiestraatseweide.nl\\\/de\\\/datenschutzbestimmungen\\\/\",\"name\":\"Datenschutzbestimmungen - B&amp;B De Biestraatseweide\",\"isPartOf\":{\"@id\":\"https:\\\/\\\/debiestraatseweide.nl\\\/de\\\/#website\"},\"datePublished\":\"2024-11-04T12:57:42+00:00\",\"dateModified\":\"2025-04-24T13:23:46+00:00\",\"breadcrumb\":{\"@id\":\"https:\\\/\\\/debiestraatseweide.nl\\\/de\\\/datenschutzbestimmungen\\\/#breadcrumb\"},\"inLanguage\":\"de\",\"potentialAction\":[{\"@type\":\"ReadAction\",\"target\":[\"https:\\\/\\\/debiestraatseweide.nl\\\/de\\\/datenschutzbestimmungen\\\/\"]}]},{\"@type\":\"BreadcrumbList\",\"@id\":\"https:\\\/\\\/debiestraatseweide.nl\\\/de\\\/datenschutzbestimmungen\\\/#breadcrumb\",\"itemListElement\":[{\"@type\":\"ListItem\",\"position\":1,\"name\":\"Home\",\"item\":\"https:\\\/\\\/debiestraatseweide.nl\\\/de\\\/startseite\\\/\"},{\"@type\":\"ListItem\",\"position\":2,\"name\":\"Datenschutzbestimmungen\"}]},{\"@type\":\"WebSite\",\"@id\":\"https:\\\/\\\/debiestraatseweide.nl\\\/de\\\/#website\",\"url\":\"https:\\\/\\\/debiestraatseweide.nl\\\/de\\\/\",\"name\":\"B&B De Biestraatseweide\",\"description\":\"\",\"publisher\":{\"@id\":\"https:\\\/\\\/debiestraatseweide.nl\\\/de\\\/#organization\"},\"potentialAction\":[{\"@type\":\"SearchAction\",\"target\":{\"@type\":\"EntryPoint\",\"urlTemplate\":\"https:\\\/\\\/debiestraatseweide.nl\\\/de\\\/?s={search_term_string}\"},\"query-input\":{\"@type\":\"PropertyValueSpecification\",\"valueRequired\":true,\"valueName\":\"search_term_string\"}}],\"inLanguage\":\"de\"},{\"@type\":\"Organization\",\"@id\":\"https:\\\/\\\/debiestraatseweide.nl\\\/de\\\/#organization\",\"name\":\"B&B De Biestraatseweide\",\"url\":\"https:\\\/\\\/debiestraatseweide.nl\\\/de\\\/\",\"logo\":{\"@type\":\"ImageObject\",\"inLanguage\":\"de\",\"@id\":\"https:\\\/\\\/debiestraatseweide.nl\\\/de\\\/#\\\/schema\\\/logo\\\/image\\\/\",\"url\":\"https:\\\/\\\/debiestraatseweide.nl\\\/wp-content\\\/uploads\\\/2024\\\/11\\\/logo-bb-bed-and-breakfast-de-biestraatseweide-gilze.png\",\"contentUrl\":\"https:\\\/\\\/debiestraatseweide.nl\\\/wp-content\\\/uploads\\\/2024\\\/11\\\/logo-bb-bed-and-breakfast-de-biestraatseweide-gilze.png\",\"width\":420,\"height\":319,\"caption\":\"B&B De Biestraatseweide\"},\"image\":{\"@id\":\"https:\\\/\\\/debiestraatseweide.nl\\\/de\\\/#\\\/schema\\\/logo\\\/image\\\/\"}}]}<\/script>\n<!-- \/ Yoast SEO plugin. -->","yoast_head_json":{"title":"Datenschutzbestimmungen - B&amp;B De Biestraatseweide","robots":{"index":"index","follow":"follow","max-snippet":"max-snippet:-1","max-image-preview":"max-image-preview:large","max-video-preview":"max-video-preview:-1"},"canonical":"https:\/\/debiestraatseweide.nl\/de\/datenschutzbestimmungen\/","og_locale":"de_DE","og_type":"article","og_title":"Datenschutzbestimmungen - B&amp;B De Biestraatseweide","og_description":"Privacy Anweisung Wir behandeln Ihre Daten vertraulich. Sie k\u00f6nnen unsere Datenschutzbestimmungen auf dieser Seite lesen. Erkl\u00e4rung zum Datenschutz B&amp;B De Biestraatse Weide Gilze B&amp;B de Biestraatse weide, mit Sitz in der Biestraat 3 5126 NH Gilze, ist verantwortlich f\u00fcr die Verarbeitung personenbezogener Daten, wie in dieser Datenschutzerkl\u00e4rung beschrieben. Kontaktinformationen: https:\/\/debiestraatseweide.nlBiestraat 3 5126 NH Gilze06-16373039 Rianne [&hellip;]","og_url":"https:\/\/debiestraatseweide.nl\/de\/datenschutzbestimmungen\/","og_site_name":"B&amp;B De Biestraatseweide","article_modified_time":"2025-04-24T13:23:46+00:00","twitter_card":"summary_large_image","twitter_misc":{"Gesch\u00e4tzte Lesezeit":"4\u00a0Minuten"},"schema":{"@context":"https:\/\/schema.org","@graph":[{"@type":"WebPage","@id":"https:\/\/debiestraatseweide.nl\/de\/datenschutzbestimmungen\/","url":"https:\/\/debiestraatseweide.nl\/de\/datenschutzbestimmungen\/","name":"Datenschutzbestimmungen - B&amp;B De Biestraatseweide","isPartOf":{"@id":"https:\/\/debiestraatseweide.nl\/de\/#website"},"datePublished":"2024-11-04T12:57:42+00:00","dateModified":"2025-04-24T13:23:46+00:00","breadcrumb":{"@id":"https:\/\/debiestraatseweide.nl\/de\/datenschutzbestimmungen\/#breadcrumb"},"inLanguage":"de","potentialAction":[{"@type":"ReadAction","target":["https:\/\/debiestraatseweide.nl\/de\/datenschutzbestimmungen\/"]}]},{"@type":"BreadcrumbList","@id":"https:\/\/debiestraatseweide.nl\/de\/datenschutzbestimmungen\/#breadcrumb","itemListElement":[{"@type":"ListItem","position":1,"name":"Home","item":"https:\/\/debiestraatseweide.nl\/de\/startseite\/"},{"@type":"ListItem","position":2,"name":"Datenschutzbestimmungen"}]},{"@type":"WebSite","@id":"https:\/\/debiestraatseweide.nl\/de\/#website","url":"https:\/\/debiestraatseweide.nl\/de\/","name":"B&B De Biestraatseweide","description":"","publisher":{"@id":"https:\/\/debiestraatseweide.nl\/de\/#organization"},"potentialAction":[{"@type":"SearchAction","target":{"@type":"EntryPoint","urlTemplate":"https:\/\/debiestraatseweide.nl\/de\/?s={search_term_string}"},"query-input":{"@type":"PropertyValueSpecification","valueRequired":true,"valueName":"search_term_string"}}],"inLanguage":"de"},{"@type":"Organization","@id":"https:\/\/debiestraatseweide.nl\/de\/#organization","name":"B&B De Biestraatseweide","url":"https:\/\/debiestraatseweide.nl\/de\/","logo":{"@type":"ImageObject","inLanguage":"de","@id":"https:\/\/debiestraatseweide.nl\/de\/#\/schema\/logo\/image\/","url":"https:\/\/debiestraatseweide.nl\/wp-content\/uploads\/2024\/11\/logo-bb-bed-and-breakfast-de-biestraatseweide-gilze.png","contentUrl":"https:\/\/debiestraatseweide.nl\/wp-content\/uploads\/2024\/11\/logo-bb-bed-and-breakfast-de-biestraatseweide-gilze.png","width":420,"height":319,"caption":"B&B De Biestraatseweide"},"image":{"@id":"https:\/\/debiestraatseweide.nl\/de\/#\/schema\/logo\/image\/"}}]}},"_links":{"self":[{"href":"https:\/\/debiestraatseweide.nl\/de\/wp-json\/wp\/v2\/pages\/988","targetHints":{"allow":["GET"]}}],"collection":[{"href":"https:\/\/debiestraatseweide.nl\/de\/wp-json\/wp\/v2\/pages"}],"about":[{"href":"https:\/\/debiestraatseweide.nl\/de\/wp-json\/wp\/v2\/types\/page"}],"author":[{"embeddable":true,"href":"https:\/\/debiestraatseweide.nl\/de\/wp-json\/wp\/v2\/users\/2"}],"replies":[{"embeddable":true,"href":"https:\/\/debiestraatseweide.nl\/de\/wp-json\/wp\/v2\/comments?post=988"}],"version-history":[{"count":0,"href":"https:\/\/debiestraatseweide.nl\/de\/wp-json\/wp\/v2\/pages\/988\/revisions"}],"wp:attachment":[{"href":"https:\/\/debiestraatseweide.nl\/de\/wp-json\/wp\/v2\/media?parent=988"}],"curies":[{"name":"wp","href":"https:\/\/api.w.org\/{rel}","templated":true}]}}