{"id":986,"date":"2024-12-03T14:59:33","date_gmt":"2024-12-03T13:59:33","guid":{"rendered":"https:\/\/debiestraatseweide.nl\/unterkunft-buchen\/"},"modified":"2026-04-01T15:45:28","modified_gmt":"2026-04-01T13:45:28","slug":"unterkunft-buchen","status":"publish","type":"page","link":"https:\/\/debiestraatseweide.nl\/de\/unterkunft-buchen\/","title":{"rendered":"Unterkunft buchen"},"content":{"rendered":"\t\t<div data-elementor-type=\"wp-page\" data-elementor-id=\"986\" class=\"elementor elementor-986 elementor-84\" data-elementor-post-type=\"page\">\n\t\t\t\t<div class=\"elementor-element elementor-element-5563585 e-flex e-con-boxed e-con e-parent\" data-id=\"5563585\" data-element_type=\"container\" data-e-type=\"container\" data-settings=\"{&quot;background_background&quot;:&quot;classic&quot;}\">\n\t\t\t\t\t<div class=\"e-con-inner\">\n\t\t\t\t<div class=\"elementor-element elementor-element-2741148 elementor-widget elementor-widget-elementskit-heading\" data-id=\"2741148\" data-element_type=\"widget\" data-e-type=\"widget\" data-widget_type=\"elementskit-heading.default\">\n\t\t\t\t<div class=\"elementor-widget-container\">\n\t\t\t\t\t<div class=\"ekit-wid-con\" ><div class=\"ekit-heading elementskit-section-title-wraper text_left   ekit_heading_tablet-   ekit_heading_mobile-text_center\"><h1 class=\"ekit-heading--title elementskit-section-title \"><span>Direct<\/span><span> <\/span> B\u00fccher<\/h1><\/div><\/div>\t\t\t\t<\/div>\n\t\t\t\t<\/div>\n\t\t\t\t<div class=\"elementor-element elementor-element-98c457d elementor-widget elementor-widget-breadcrumbs\" data-id=\"98c457d\" data-element_type=\"widget\" data-e-type=\"widget\" data-widget_type=\"breadcrumbs.default\">\n\t\t\t\t<div class=\"elementor-widget-container\">\n\t\t\t\t\t<p id=\"breadcrumbs\"><span><span><a href=\"https:\/\/debiestraatseweide.nl\/de\/startseite\/\">Home<\/a><\/span><\/span><\/p>\t\t\t\t<\/div>\n\t\t\t\t<\/div>\n\t\t\t\t\t<\/div>\n\t\t\t\t<\/div>\n\t\t<div class=\"elementor-element elementor-element-1194f94 e-flex e-con-boxed e-con e-parent\" data-id=\"1194f94\" data-element_type=\"container\" data-e-type=\"container\" data-settings=\"{&quot;background_background&quot;:&quot;classic&quot;}\">\n\t\t\t\t\t<div class=\"e-con-inner\">\n\t\t<div class=\"elementor-element elementor-element-6d0266d e-con-full e-flex e-con e-child\" data-id=\"6d0266d\" data-element_type=\"container\" data-e-type=\"container\">\n\t\t\t\t<div class=\"elementor-element elementor-element-86a333f elementor-widget elementor-widget-heading\" data-id=\"86a333f\" data-element_type=\"widget\" data-e-type=\"widget\" data-widget_type=\"heading.default\">\n\t\t\t\t<div class=\"elementor-widget-container\">\n\t\t\t\t\t<div class=\"elementor-heading-title elementor-size-default\">Reservieren Sie Ihren Moment <\/div>\t\t\t\t<\/div>\n\t\t\t\t<\/div>\n\t\t\t\t<div class=\"elementor-element elementor-element-674cd51 animated-slow elementor-invisible elementor-widget elementor-widget-elementskit-heading\" data-id=\"674cd51\" data-element_type=\"widget\" data-e-type=\"widget\" data-settings=\"{&quot;_animation&quot;:&quot;fadeInUp&quot;}\" data-widget_type=\"elementskit-heading.default\">\n\t\t\t\t<div class=\"elementor-widget-container\">\n\t\t\t\t\t<div class=\"ekit-wid-con\" ><div class=\"ekit-heading elementskit-section-title-wraper text_left   ekit_heading_tablet-   ekit_heading_mobile-\"><h2 class=\"ekit-heading--title elementskit-section-title \">Buchen Sie <span><span>unser B&amp;B<\/span><\/span><\/h2><\/div><\/div>\t\t\t\t<\/div>\n\t\t\t\t<\/div>\n\t\t\t\t<div class=\"elementor-element elementor-element-3a18abb elementor-widget elementor-widget-text-editor\" data-id=\"3a18abb\" data-element_type=\"widget\" data-e-type=\"widget\" data-widget_type=\"text-editor.default\">\n\t\t\t\t<div class=\"elementor-widget-container\">\n\t\t\t\t\t\t\t\t\t<p>M\u00f6chten Sie Ihren Aufenthalt in unserem B&amp;B ganz einfach buchen? Das k\u00f6nnen Sie! Pr\u00fcfen Sie unten die Verf\u00fcgbarkeit pro Wohnung und buchen Sie direkt online.  <\/p>\t\t\t\t\t\t\t\t<\/div>\n\t\t\t\t<\/div>\n\t\t\t\t<div class=\"elementor-element elementor-element-e117b0e elementor-widget elementor-widget-button\" data-id=\"e117b0e\" data-element_type=\"widget\" data-e-type=\"widget\" data-widget_type=\"button.default\">\n\t\t\t\t<div class=\"elementor-widget-container\">\n\t\t\t\t\t\t\t\t\t<div class=\"elementor-button-wrapper\">\n\t\t\t\t\t<a class=\"elementor-button elementor-button-link elementor-size-sm\" href=\"https:\/\/www.huurkalender.nl\/vacancy\/all\/summary-19197.html\">\n\t\t\t\t\t\t<span class=\"elementor-button-content-wrapper\">\n\t\t\t\t\t\t<span class=\"elementor-button-icon\">\n\t\t\t\t<i aria-hidden=\"true\" class=\"fas fa-external-link-alt\"><\/i>\t\t\t<\/span>\n\t\t\t\t\t\t\t\t\t<span class=\"elementor-button-text\">\u00d6ffne den Kalender und das Buch.<\/span>\n\t\t\t\t\t<\/span>\n\t\t\t\t\t<\/a>\n\t\t\t\t<\/div>\n\t\t\t\t\t\t\t\t<\/div>\n\t\t\t\t<\/div>\n\t\t\t\t<div class=\"elementor-element elementor-element-743fdd5 elementor-align-start elementor-icon-list--layout-traditional elementor-list-item-link-full_width elementor-widget elementor-widget-icon-list\" data-id=\"743fdd5\" data-element_type=\"widget\" data-e-type=\"widget\" data-widget_type=\"icon-list.default\">\n\t\t\t\t<div class=\"elementor-widget-container\">\n\t\t\t\t\t\t\t<ul class=\"elementor-icon-list-items\">\n\t\t\t\t\t\t\t<li class=\"elementor-icon-list-item\">\n\t\t\t\t\t\t\t\t\t\t\t<span class=\"elementor-icon-list-icon\">\n\t\t\t\t\t\t\t<i aria-hidden=\"true\" class=\"icon icon-check\"><\/i>\t\t\t\t\t\t<\/span>\n\t\t\t\t\t\t\t\t\t\t<span class=\"elementor-icon-list-text\">Der Aufenthalt kostet 150 \u20ac pro Nacht. Im Preis enthalten sind Mehrwertsteuer, Kurtaxe und Endreinigung.  <\/span>\n\t\t\t\t\t\t\t\t\t<\/li>\n\t\t\t\t\t\t\t\t<li class=\"elementor-icon-list-item\">\n\t\t\t\t\t\t\t\t\t\t\t<span class=\"elementor-icon-list-icon\">\n\t\t\t\t\t\t\t<i aria-hidden=\"true\" class=\"fas fa-check\"><\/i>\t\t\t\t\t\t<\/span>\n\t\t\t\t\t\t\t\t\t\t<span class=\"elementor-icon-list-text\">5 % Rabatt ab 3 N\u00e4chten, 7 % Rabatt ab 4 N\u00e4chten und 10 % Rabatt ab 6 N\u00e4chten.<\/span>\n\t\t\t\t\t\t\t\t\t<\/li>\n\t\t\t\t\t\t\t\t<li class=\"elementor-icon-list-item\">\n\t\t\t\t\t\t\t\t\t\t\t<span class=\"elementor-icon-list-icon\">\n\t\t\t\t\t\t\t<i aria-hidden=\"true\" class=\"icon icon-check\"><\/i>\t\t\t\t\t\t<\/span>\n\t\t\t\t\t\t\t\t\t\t<span class=\"elementor-icon-list-text\">Maximal 2 Personen pro Wohnung<\/span>\n\t\t\t\t\t\t\t\t\t<\/li>\n\t\t\t\t\t\t\t\t<li class=\"elementor-icon-list-item\">\n\t\t\t\t\t\t\t\t\t\t\t<span class=\"elementor-icon-list-icon\">\n\t\t\t\t\t\t\t<i aria-hidden=\"true\" class=\"icon icon-check\"><\/i>\t\t\t\t\t\t<\/span>\n\t\t\t\t\t\t\t\t\t\t<span class=\"elementor-icon-list-text\">Die 3 Apartments sind v\u00f6llig identisch, Sie erhalten m\u00f6glicherweise einen anderen Zimmernamen<\/span>\n\t\t\t\t\t\t\t\t\t<\/li>\n\t\t\t\t\t\t\t\t<li class=\"elementor-icon-list-item\">\n\t\t\t\t\t\t\t\t\t\t\t<span class=\"elementor-icon-list-icon\">\n\t\t\t\t\t\t\t<i aria-hidden=\"true\" class=\"icon icon-check\"><\/i>\t\t\t\t\t\t<\/span>\n\t\t\t\t\t\t\t\t\t\t<span class=\"elementor-icon-list-text\">Einchecken ab 15 Uhr. (Am Anreisetag k\u00f6nnen Sie den gro\u00dfz\u00fcgigen Parkplatz bereits ab 9 Uhr nutzen)<\/span>\n\t\t\t\t\t\t\t\t\t<\/li>\n\t\t\t\t\t\t\t\t<li class=\"elementor-icon-list-item\">\n\t\t\t\t\t\t\t\t\t\t\t<span class=\"elementor-icon-list-icon\">\n\t\t\t\t\t\t\t<i aria-hidden=\"true\" class=\"icon icon-check\"><\/i>\t\t\t\t\t\t<\/span>\n\t\t\t\t\t\t\t\t\t\t<span class=\"elementor-icon-list-text\">Check-out bis 11 Uhr.<\/span>\n\t\t\t\t\t\t\t\t\t<\/li>\n\t\t\t\t\t\t<\/ul>\n\t\t\t\t\t\t<\/div>\n\t\t\t\t<\/div>\n\t\t\t\t<div class=\"elementor-element elementor-element-999ddca elementor-widget elementor-widget-button\" data-id=\"999ddca\" data-element_type=\"widget\" data-e-type=\"widget\" data-widget_type=\"button.default\">\n\t\t\t\t<div class=\"elementor-widget-container\">\n\t\t\t\t\t\t\t\t\t<div class=\"elementor-button-wrapper\">\n\t\t\t\t\t<a class=\"elementor-button elementor-button-link elementor-size-sm\" href=\"https:\/\/www.huurkalender.nl\/vacancy\/all\/summary-19197.html\">\n\t\t\t\t\t\t<span class=\"elementor-button-content-wrapper\">\n\t\t\t\t\t\t<span class=\"elementor-button-icon\">\n\t\t\t\t<i aria-hidden=\"true\" class=\"fas fa-external-link-alt\"><\/i>\t\t\t<\/span>\n\t\t\t\t\t\t\t\t\t<span class=\"elementor-button-text\">\u00d6ffne den Kalender und das Buch.<\/span>\n\t\t\t\t\t<\/span>\n\t\t\t\t\t<\/a>\n\t\t\t\t<\/div>\n\t\t\t\t\t\t\t\t<\/div>\n\t\t\t\t<\/div>\n\t\t\t\t<div class=\"elementor-element elementor-element-107b6c2 elementor-widget elementor-widget-text-editor\" data-id=\"107b6c2\" data-element_type=\"widget\" data-e-type=\"widget\" data-widget_type=\"text-editor.default\">\n\t\t\t\t<div class=\"elementor-widget-container\">\n\t\t\t\t\t\t\t\t\t<p><em>Falls Sie nicht buchen k\u00f6nnen, senden Sie bitte eine E-Mail an <a href=\"mailto:info@debiestraatseweide.nl\">info@debiestraatseweide.nl<\/a>, und wir k\u00fcmmern uns um die Buchung.<\/em><\/p>\t\t\t\t\t\t\t\t<\/div>\n\t\t\t\t<\/div>\n\t\t<div class=\"elementor-element elementor-element-8fce83c e-con-full e-flex e-con e-child\" data-id=\"8fce83c\" data-element_type=\"container\" data-e-type=\"container\">\n\t\t\t\t<div class=\"elementor-element elementor-element-6ed851d elementor-position-inline-start elementor-mobile-position-inline-start elementor-widget__width-initial elementor-view-default elementor-widget elementor-widget-icon-box\" data-id=\"6ed851d\" data-element_type=\"widget\" data-e-type=\"widget\" data-widget_type=\"icon-box.default\">\n\t\t\t\t<div class=\"elementor-widget-container\">\n\t\t\t\t\t\t\t<div class=\"elementor-icon-box-wrapper\">\n\n\t\t\t\t\t\t<div class=\"elementor-icon-box-icon\">\n\t\t\t\t<a href=\"https:\/\/api.whatsapp.com\/send?phone=+31616373039\" class=\"elementor-icon\" tabindex=\"-1\" aria-label=\"WhatsApp\">\n\t\t\t\t<i aria-hidden=\"true\" class=\"icon icon-whatsapp-2\"><\/i>\t\t\t\t<\/a>\n\t\t\t<\/div>\n\t\t\t\n\t\t\t\t\t\t<div class=\"elementor-icon-box-content\">\n\n\t\t\t\t\t\t\t\t\t<h4 class=\"elementor-icon-box-title\">\n\t\t\t\t\t\t<a href=\"https:\/\/api.whatsapp.com\/send?phone=+31616373039\" >\n\t\t\t\t\t\t\tWhatsApp\t\t\t\t\t\t<\/a>\n\t\t\t\t\t<\/h4>\n\t\t\t\t\n\t\t\t\t\t\t\t\t\t<p class=\"elementor-icon-box-description\">\n\t\t\t\t\t\t06-16373039\t\t\t\t\t<\/p>\n\t\t\t\t\n\t\t\t<\/div>\n\t\t\t\n\t\t<\/div>\n\t\t\t\t\t\t<\/div>\n\t\t\t\t<\/div>\n\t\t\t\t<div class=\"elementor-element elementor-element-aebc509 elementor-position-inline-start elementor-mobile-position-inline-start elementor-widget__width-initial elementor-view-default elementor-widget elementor-widget-icon-box\" data-id=\"aebc509\" data-element_type=\"widget\" data-e-type=\"widget\" data-widget_type=\"icon-box.default\">\n\t\t\t\t<div class=\"elementor-widget-container\">\n\t\t\t\t\t\t\t<div class=\"elementor-icon-box-wrapper\">\n\n\t\t\t\t\t\t<div class=\"elementor-icon-box-icon\">\n\t\t\t\t<a href=\"mailto:info@debiestraatseweide.nl\" class=\"elementor-icon\" tabindex=\"-1\" aria-label=\"E-Mail\">\n\t\t\t\t<i aria-hidden=\"true\" class=\"icon icon-email\"><\/i>\t\t\t\t<\/a>\n\t\t\t<\/div>\n\t\t\t\n\t\t\t\t\t\t<div class=\"elementor-icon-box-content\">\n\n\t\t\t\t\t\t\t\t\t<h4 class=\"elementor-icon-box-title\">\n\t\t\t\t\t\t<a href=\"mailto:info@debiestraatseweide.nl\" >\n\t\t\t\t\t\t\tE-Mail\t\t\t\t\t\t<\/a>\n\t\t\t\t\t<\/h4>\n\t\t\t\t\n\t\t\t\t\t\t\t\t\t<p class=\"elementor-icon-box-description\">\n\t\t\t\t\t\tinfo@debiestraatseweide.nl\t\t\t\t\t<\/p>\n\t\t\t\t\n\t\t\t<\/div>\n\t\t\t\n\t\t<\/div>\n\t\t\t\t\t\t<\/div>\n\t\t\t\t<\/div>\n\t\t\t\t<div class=\"elementor-element elementor-element-3c40f59 elementor-position-inline-start elementor-mobile-position-inline-start elementor-widget__width-initial elementor-view-default elementor-widget elementor-widget-icon-box\" data-id=\"3c40f59\" data-element_type=\"widget\" data-e-type=\"widget\" data-widget_type=\"icon-box.default\">\n\t\t\t\t<div class=\"elementor-widget-container\">\n\t\t\t\t\t\t\t<div class=\"elementor-icon-box-wrapper\">\n\n\t\t\t\t\t\t<div class=\"elementor-icon-box-icon\">\n\t\t\t\t<span  class=\"elementor-icon\">\n\t\t\t\t<i aria-hidden=\"true\" class=\"rtmicon rtmicon-site-logo\"><\/i>\t\t\t\t<\/span>\n\t\t\t<\/div>\n\t\t\t\n\t\t\t\t\t\t<div class=\"elementor-icon-box-content\">\n\n\t\t\t\t\t\t\t\t\t<h4 class=\"elementor-icon-box-title\">\n\t\t\t\t\t\t<span  >\n\t\t\t\t\t\t\tNummer der Handelskammer\t\t\t\t\t\t<\/span>\n\t\t\t\t\t<\/h4>\n\t\t\t\t\n\t\t\t\t\t\t\t\t\t<p class=\"elementor-icon-box-description\">\n\t\t\t\t\t\t64111628\t\t\t\t\t<\/p>\n\t\t\t\t\n\t\t\t<\/div>\n\t\t\t\n\t\t<\/div>\n\t\t\t\t\t\t<\/div>\n\t\t\t\t<\/div>\n\t\t\t\t<div class=\"elementor-element elementor-element-5a91373 elementor-position-inline-start elementor-mobile-position-inline-start elementor-widget__width-initial elementor-view-default elementor-widget elementor-widget-icon-box\" data-id=\"5a91373\" data-element_type=\"widget\" data-e-type=\"widget\" data-widget_type=\"icon-box.default\">\n\t\t\t\t<div class=\"elementor-widget-container\">\n\t\t\t\t\t\t\t<div class=\"elementor-icon-box-wrapper\">\n\n\t\t\t\t\t\t<div class=\"elementor-icon-box-icon\">\n\t\t\t\t<span  class=\"elementor-icon\">\n\t\t\t\t<i aria-hidden=\"true\" class=\"rtmicon-thin rtmicon-pin-map-location\"><\/i>\t\t\t\t<\/span>\n\t\t\t<\/div>\n\t\t\t\n\t\t\t\t\t\t<div class=\"elementor-icon-box-content\">\n\n\t\t\t\t\t\t\t\t\t<h4 class=\"elementor-icon-box-title\">\n\t\t\t\t\t\t<span  >\n\t\t\t\t\t\t\tAdresse\t\t\t\t\t\t<\/span>\n\t\t\t\t\t<\/h4>\n\t\t\t\t\n\t\t\t\t\t\t\t\t\t<p class=\"elementor-icon-box-description\">\n\t\t\t\t\t\tBiestraat 3, 5126NH Gilze\t\t\t\t\t<\/p>\n\t\t\t\t\n\t\t\t<\/div>\n\t\t\t\n\t\t<\/div>\n\t\t\t\t\t\t<\/div>\n\t\t\t\t<\/div>\n\t\t\t\t<\/div>\n\t\t\t\t<\/div>\n\t\t\t\t\t<\/div>\n\t\t\t\t<\/div>\n\t\t\t\t<\/div>\n\t\t","protected":false},"excerpt":{"rendered":"<p>Direct B\u00fccher Reservieren Sie Ihren Moment Buchen Sie unser B&amp;B M\u00f6chten Sie Ihren Aufenthalt in unserem B&amp;B ganz einfach buchen? Das k\u00f6nnen Sie! Pr\u00fcfen Sie unten die Verf\u00fcgbarkeit pro Wohnung und buchen Sie direkt online. \u00d6ffne den Kalender und das Buch. Der Aufenthalt kostet 150 \u20ac pro Nacht. Im Preis enthalten sind Mehrwertsteuer, Kurtaxe und [&hellip;]<\/p>\n","protected":false},"author":3,"featured_media":0,"parent":0,"menu_order":0,"comment_status":"closed","ping_status":"closed","template":"","meta":{"footnotes":""},"class_list":["post-986","page","type-page","status-publish","hentry"],"yoast_head":"<!-- This site is optimized with the Yoast SEO plugin v27.4 - https:\/\/yoast.com\/product\/yoast-seo-wordpress\/ -->\n<title>Buchen Sie Ihren Aufenthalt im B&amp;B de Biestraatse Weide in Gilze<\/title>\n<meta name=\"description\" content=\"M\u00f6chten Sie Ihren Aufenthalt in unserem B&amp;B de Biestraatse Weide ganz einfach buchen? Das k\u00f6nnen Sie! Pr\u00fcfen Sie die Verf\u00fcgbarkeit und buchen Sie direkt online.\" \/>\n<meta name=\"robots\" content=\"index, follow, max-snippet:-1, max-image-preview:large, max-video-preview:-1\" \/>\n<link rel=\"canonical\" href=\"https:\/\/debiestraatseweide.nl\/de\/unterkunft-buchen\/\" \/>\n<meta property=\"og:locale\" content=\"de_DE\" \/>\n<meta property=\"og:type\" content=\"article\" \/>\n<meta property=\"og:title\" content=\"Buchen Sie Ihren Aufenthalt im B&amp;B de Biestraatse Weide in Gilze\" \/>\n<meta property=\"og:description\" content=\"M\u00f6chten Sie Ihren Aufenthalt in unserem B&amp;B de Biestraatse Weide ganz einfach buchen? Das k\u00f6nnen Sie! Pr\u00fcfen Sie die Verf\u00fcgbarkeit und buchen Sie direkt online.\" \/>\n<meta property=\"og:url\" content=\"https:\/\/debiestraatseweide.nl\/de\/unterkunft-buchen\/\" \/>\n<meta property=\"og:site_name\" content=\"B&amp;B De Biestraatseweide\" \/>\n<meta property=\"article:modified_time\" content=\"2026-04-01T13:45:28+00:00\" \/>\n<meta name=\"twitter:card\" content=\"summary_large_image\" \/>\n<meta name=\"twitter:label1\" content=\"Gesch\u00e4tzte Lesezeit\" \/>\n\t<meta name=\"twitter:data1\" content=\"1\u00a0Minute\" \/>\n<script type=\"application\/ld+json\" class=\"yoast-schema-graph\">{\"@context\":\"https:\\\/\\\/schema.org\",\"@graph\":[{\"@type\":\"WebPage\",\"@id\":\"https:\\\/\\\/debiestraatseweide.nl\\\/de\\\/unterkunft-buchen\\\/\",\"url\":\"https:\\\/\\\/debiestraatseweide.nl\\\/de\\\/unterkunft-buchen\\\/\",\"name\":\"Buchen Sie Ihren Aufenthalt im B&B de Biestraatse Weide in Gilze\",\"isPartOf\":{\"@id\":\"https:\\\/\\\/debiestraatseweide.nl\\\/de\\\/#website\"},\"datePublished\":\"2024-12-03T13:59:33+00:00\",\"dateModified\":\"2026-04-01T13:45:28+00:00\",\"description\":\"M\u00f6chten Sie Ihren Aufenthalt in unserem B&B de Biestraatse Weide ganz einfach buchen? Das k\u00f6nnen Sie! Pr\u00fcfen Sie die Verf\u00fcgbarkeit und buchen Sie direkt online.\",\"breadcrumb\":{\"@id\":\"https:\\\/\\\/debiestraatseweide.nl\\\/de\\\/unterkunft-buchen\\\/#breadcrumb\"},\"inLanguage\":\"de\",\"potentialAction\":[{\"@type\":\"ReadAction\",\"target\":[\"https:\\\/\\\/debiestraatseweide.nl\\\/de\\\/unterkunft-buchen\\\/\"]}]},{\"@type\":\"BreadcrumbList\",\"@id\":\"https:\\\/\\\/debiestraatseweide.nl\\\/de\\\/unterkunft-buchen\\\/#breadcrumb\",\"itemListElement\":[{\"@type\":\"ListItem\",\"position\":1,\"name\":\"Home\",\"item\":\"https:\\\/\\\/debiestraatseweide.nl\\\/de\\\/startseite\\\/\"},{\"@type\":\"ListItem\",\"position\":2,\"name\":\"Unterkunft buchen\"}]},{\"@type\":\"WebSite\",\"@id\":\"https:\\\/\\\/debiestraatseweide.nl\\\/de\\\/#website\",\"url\":\"https:\\\/\\\/debiestraatseweide.nl\\\/de\\\/\",\"name\":\"B&B De Biestraatseweide\",\"description\":\"\",\"publisher\":{\"@id\":\"https:\\\/\\\/debiestraatseweide.nl\\\/de\\\/#organization\"},\"potentialAction\":[{\"@type\":\"SearchAction\",\"target\":{\"@type\":\"EntryPoint\",\"urlTemplate\":\"https:\\\/\\\/debiestraatseweide.nl\\\/de\\\/?s={search_term_string}\"},\"query-input\":{\"@type\":\"PropertyValueSpecification\",\"valueRequired\":true,\"valueName\":\"search_term_string\"}}],\"inLanguage\":\"de\"},{\"@type\":\"Organization\",\"@id\":\"https:\\\/\\\/debiestraatseweide.nl\\\/de\\\/#organization\",\"name\":\"B&B De Biestraatseweide\",\"url\":\"https:\\\/\\\/debiestraatseweide.nl\\\/de\\\/\",\"logo\":{\"@type\":\"ImageObject\",\"inLanguage\":\"de\",\"@id\":\"https:\\\/\\\/debiestraatseweide.nl\\\/de\\\/#\\\/schema\\\/logo\\\/image\\\/\",\"url\":\"https:\\\/\\\/debiestraatseweide.nl\\\/wp-content\\\/uploads\\\/2024\\\/11\\\/logo-bb-bed-and-breakfast-de-biestraatseweide-gilze.png\",\"contentUrl\":\"https:\\\/\\\/debiestraatseweide.nl\\\/wp-content\\\/uploads\\\/2024\\\/11\\\/logo-bb-bed-and-breakfast-de-biestraatseweide-gilze.png\",\"width\":420,\"height\":319,\"caption\":\"B&B De Biestraatseweide\"},\"image\":{\"@id\":\"https:\\\/\\\/debiestraatseweide.nl\\\/de\\\/#\\\/schema\\\/logo\\\/image\\\/\"}}]}<\/script>\n<!-- \/ Yoast SEO plugin. -->","yoast_head_json":{"title":"Buchen Sie Ihren Aufenthalt im B&B de Biestraatse Weide in Gilze","description":"M\u00f6chten Sie Ihren Aufenthalt in unserem B&B de Biestraatse Weide ganz einfach buchen? Das k\u00f6nnen Sie! Pr\u00fcfen Sie die Verf\u00fcgbarkeit und buchen Sie direkt online.","robots":{"index":"index","follow":"follow","max-snippet":"max-snippet:-1","max-image-preview":"max-image-preview:large","max-video-preview":"max-video-preview:-1"},"canonical":"https:\/\/debiestraatseweide.nl\/de\/unterkunft-buchen\/","og_locale":"de_DE","og_type":"article","og_title":"Buchen Sie Ihren Aufenthalt im B&B de Biestraatse Weide in Gilze","og_description":"M\u00f6chten Sie Ihren Aufenthalt in unserem B&B de Biestraatse Weide ganz einfach buchen? Das k\u00f6nnen Sie! Pr\u00fcfen Sie die Verf\u00fcgbarkeit und buchen Sie direkt online.","og_url":"https:\/\/debiestraatseweide.nl\/de\/unterkunft-buchen\/","og_site_name":"B&amp;B De Biestraatseweide","article_modified_time":"2026-04-01T13:45:28+00:00","twitter_card":"summary_large_image","twitter_misc":{"Gesch\u00e4tzte Lesezeit":"1\u00a0Minute"},"schema":{"@context":"https:\/\/schema.org","@graph":[{"@type":"WebPage","@id":"https:\/\/debiestraatseweide.nl\/de\/unterkunft-buchen\/","url":"https:\/\/debiestraatseweide.nl\/de\/unterkunft-buchen\/","name":"Buchen Sie Ihren Aufenthalt im B&B de Biestraatse Weide in Gilze","isPartOf":{"@id":"https:\/\/debiestraatseweide.nl\/de\/#website"},"datePublished":"2024-12-03T13:59:33+00:00","dateModified":"2026-04-01T13:45:28+00:00","description":"M\u00f6chten Sie Ihren Aufenthalt in unserem B&B de Biestraatse Weide ganz einfach buchen? Das k\u00f6nnen Sie! Pr\u00fcfen Sie die Verf\u00fcgbarkeit und buchen Sie direkt online.","breadcrumb":{"@id":"https:\/\/debiestraatseweide.nl\/de\/unterkunft-buchen\/#breadcrumb"},"inLanguage":"de","potentialAction":[{"@type":"ReadAction","target":["https:\/\/debiestraatseweide.nl\/de\/unterkunft-buchen\/"]}]},{"@type":"BreadcrumbList","@id":"https:\/\/debiestraatseweide.nl\/de\/unterkunft-buchen\/#breadcrumb","itemListElement":[{"@type":"ListItem","position":1,"name":"Home","item":"https:\/\/debiestraatseweide.nl\/de\/startseite\/"},{"@type":"ListItem","position":2,"name":"Unterkunft buchen"}]},{"@type":"WebSite","@id":"https:\/\/debiestraatseweide.nl\/de\/#website","url":"https:\/\/debiestraatseweide.nl\/de\/","name":"B&B De Biestraatseweide","description":"","publisher":{"@id":"https:\/\/debiestraatseweide.nl\/de\/#organization"},"potentialAction":[{"@type":"SearchAction","target":{"@type":"EntryPoint","urlTemplate":"https:\/\/debiestraatseweide.nl\/de\/?s={search_term_string}"},"query-input":{"@type":"PropertyValueSpecification","valueRequired":true,"valueName":"search_term_string"}}],"inLanguage":"de"},{"@type":"Organization","@id":"https:\/\/debiestraatseweide.nl\/de\/#organization","name":"B&B De Biestraatseweide","url":"https:\/\/debiestraatseweide.nl\/de\/","logo":{"@type":"ImageObject","inLanguage":"de","@id":"https:\/\/debiestraatseweide.nl\/de\/#\/schema\/logo\/image\/","url":"https:\/\/debiestraatseweide.nl\/wp-content\/uploads\/2024\/11\/logo-bb-bed-and-breakfast-de-biestraatseweide-gilze.png","contentUrl":"https:\/\/debiestraatseweide.nl\/wp-content\/uploads\/2024\/11\/logo-bb-bed-and-breakfast-de-biestraatseweide-gilze.png","width":420,"height":319,"caption":"B&B De Biestraatseweide"},"image":{"@id":"https:\/\/debiestraatseweide.nl\/de\/#\/schema\/logo\/image\/"}}]}},"_links":{"self":[{"href":"https:\/\/debiestraatseweide.nl\/de\/wp-json\/wp\/v2\/pages\/986","targetHints":{"allow":["GET"]}}],"collection":[{"href":"https:\/\/debiestraatseweide.nl\/de\/wp-json\/wp\/v2\/pages"}],"about":[{"href":"https:\/\/debiestraatseweide.nl\/de\/wp-json\/wp\/v2\/types\/page"}],"author":[{"embeddable":true,"href":"https:\/\/debiestraatseweide.nl\/de\/wp-json\/wp\/v2\/users\/3"}],"replies":[{"embeddable":true,"href":"https:\/\/debiestraatseweide.nl\/de\/wp-json\/wp\/v2\/comments?post=986"}],"version-history":[{"count":2,"href":"https:\/\/debiestraatseweide.nl\/de\/wp-json\/wp\/v2\/pages\/986\/revisions"}],"predecessor-version":[{"id":2052,"href":"https:\/\/debiestraatseweide.nl\/de\/wp-json\/wp\/v2\/pages\/986\/revisions\/2052"}],"wp:attachment":[{"href":"https:\/\/debiestraatseweide.nl\/de\/wp-json\/wp\/v2\/media?parent=986"}],"curies":[{"name":"wp","href":"https:\/\/api.w.org\/{rel}","templated":true}]}}