{"id":961,"date":"2024-12-03T14:59:01","date_gmt":"2024-12-03T13:59:01","guid":{"rendered":"https:\/\/debiestraatseweide.nl\/allgemeine-bedingungen-und-konditionen\/"},"modified":"2026-04-01T14:50:38","modified_gmt":"2026-04-01T12:50:38","slug":"allgemeine-bedingungen-und-konditionen","status":"publish","type":"page","link":"https:\/\/debiestraatseweide.nl\/de\/allgemeine-bedingungen-und-konditionen\/","title":{"rendered":"Allgemeine Bedingungen und Konditionen"},"content":{"rendered":"\t\t<div data-elementor-type=\"wp-page\" data-elementor-id=\"961\" class=\"elementor elementor-961 elementor-82\" data-elementor-post-type=\"page\">\n\t\t\t\t<div class=\"elementor-element elementor-element-ae040dd e-flex e-con-boxed e-con e-parent\" data-id=\"ae040dd\" data-element_type=\"container\" data-e-type=\"container\" data-settings=\"{&quot;background_background&quot;:&quot;classic&quot;}\">\n\t\t\t\t\t<div class=\"e-con-inner\">\n\t\t\t\t<div class=\"elementor-element elementor-element-bb7a22c elementor-widget elementor-widget-elementskit-heading\" data-id=\"bb7a22c\" data-element_type=\"widget\" data-e-type=\"widget\" data-widget_type=\"elementskit-heading.default\">\n\t\t\t\t<div class=\"elementor-widget-container\">\n\t\t\t\t\t<div class=\"ekit-wid-con\" ><div class=\"ekit-heading elementskit-section-title-wraper text_left   ekit_heading_tablet-   ekit_heading_mobile-text_center\"><h1 class=\"ekit-heading--title elementskit-section-title \"><span>Algemene<\/span><span> <\/span> Bedingungen<\/h1><\/div><\/div>\t\t\t\t<\/div>\n\t\t\t\t<\/div>\n\t\t\t\t<div class=\"elementor-element elementor-element-e513d9e elementor-widget elementor-widget-breadcrumbs\" data-id=\"e513d9e\" data-element_type=\"widget\" data-e-type=\"widget\" data-widget_type=\"breadcrumbs.default\">\n\t\t\t\t<div class=\"elementor-widget-container\">\n\t\t\t\t\t<p id=\"breadcrumbs\"><span><span><a href=\"https:\/\/debiestraatseweide.nl\/de\/startseite\/\">Home<\/a><\/span><\/span><\/p>\t\t\t\t<\/div>\n\t\t\t\t<\/div>\n\t\t\t\t\t<\/div>\n\t\t\t\t<\/div>\n\t\t<div class=\"elementor-element elementor-element-e71c4b2 e-flex e-con-boxed e-con e-parent\" data-id=\"e71c4b2\" data-element_type=\"container\" data-e-type=\"container\" data-settings=\"{&quot;background_background&quot;:&quot;classic&quot;}\">\n\t\t\t\t\t<div class=\"e-con-inner\">\n\t\t<div class=\"elementor-element elementor-element-798496c e-con-full e-flex e-con e-child\" data-id=\"798496c\" data-element_type=\"container\" data-e-type=\"container\">\n\t\t\t\t<div class=\"elementor-element elementor-element-9bbc500 elementor-widget elementor-widget-text-editor\" data-id=\"9bbc500\" data-element_type=\"widget\" data-e-type=\"widget\" data-widget_type=\"text-editor.default\">\n\t\t\t\t<div class=\"elementor-widget-container\">\n\t\t\t\t\t\t\t\t\t<p><strong>Unsere Dienstleistungen unterliegen unseren allgemeinen Gesch\u00e4ftsbedingungen.\nDiese finden Sie unten. <\/strong><\/p>\t\t\t\t\t\t\t\t<\/div>\n\t\t\t\t<\/div>\n\t\t\t\t<div class=\"elementor-element elementor-element-48113b5 animated-slow elementor-invisible elementor-widget elementor-widget-elementskit-heading\" data-id=\"48113b5\" data-element_type=\"widget\" data-e-type=\"widget\" data-settings=\"{&quot;_animation&quot;:&quot;fadeInUp&quot;}\" data-widget_type=\"elementskit-heading.default\">\n\t\t\t\t<div class=\"elementor-widget-container\">\n\t\t\t\t\t<div class=\"ekit-wid-con\" ><div class=\"ekit-heading elementskit-section-title-wraper text_left   ekit_heading_tablet-   ekit_heading_mobile-\"><h2 class=\"ekit-heading--title elementskit-section-title \">Allgemeine Gesch\u00e4ftsbedingungen B&amp;B De Biestraatse Weide Gilze<\/h2><\/div><\/div>\t\t\t\t<\/div>\n\t\t\t\t<\/div>\n\t\t\t\t<div class=\"elementor-element elementor-element-7c5f624 elementor-widget-divider--view-line elementor-widget elementor-widget-divider\" data-id=\"7c5f624\" data-element_type=\"widget\" data-e-type=\"widget\" data-widget_type=\"divider.default\">\n\t\t\t\t<div class=\"elementor-widget-container\">\n\t\t\t\t\t\t\t<div class=\"elementor-divider\">\n\t\t\t<span class=\"elementor-divider-separator\">\n\t\t\t\t\t\t<\/span>\n\t\t<\/div>\n\t\t\t\t\t\t<\/div>\n\t\t\t\t<\/div>\n\t\t\t\t<div class=\"elementor-element elementor-element-717ccd4 elementor-widget elementor-widget-text-editor\" data-id=\"717ccd4\" data-element_type=\"widget\" data-e-type=\"widget\" data-widget_type=\"text-editor.default\">\n\t\t\t\t<div class=\"elementor-widget-container\">\n\t\t\t\t\t\t\t\t\t<p><strong>Vorkehrungen f\u00fcr Ihren Aufenthalt und eventuelle Stornierungen<\/strong><\/p><p><br>B&amp;B De Biestraatse Weide wendet die folgenden allgemeinen Gesch\u00e4ftsbedingungen an, die ab dem Zeitpunkt der Reservierung bis zum Aufenthalt in unserem B&amp;B in Kraft sind.<\/p><p>Die allgemeinen Gesch\u00e4ftsbedingungen gelten f\u00fcr alle Benutzer von B&amp;B De Biestraatse Weide, Biestraat 3, 5126NH Gilze (Nordbrabant).<\/p><p>Mit dem Abschluss eines Mietvertrags treten diese Bedingungen in Kraft:<\/p><ul><li>Die Mieter m\u00fcssen einen festen Wohnsitz haben;<\/li><li>Der Eigent\u00fcmer haftet nicht f\u00fcr Sch\u00e4den, Verlust oder Diebstahl von Eigentum der Nutzer;<\/li><li>Im Falle von Streitigkeiten gehen alle (Rechts-)Kosten zu Lasten des Nutzers;<\/li><li>Alle Risiken im Zusammenhang mit einem Aufenthalt im B&amp;B De Biestraatse Weide liegen in der Verantwortung der Nutzer;<\/li><li>Sch\u00e4den und Verluste an beweglichem und unbeweglichem Eigentum des Eigent\u00fcmers sollten von den Nutzern gemeldet und dem Eigent\u00fcmer erstattet werden;<\/li><li>G\u00e4ste sollten die Anweisungen des Eigent\u00fcmers befolgen;<\/li><li>Im Falle eines Versto\u00dfes gegen diese allgemeinen Bedingungen und eines unangemessenen Verhaltens kann der Eigent\u00fcmer den G\u00e4sten den Zugang zum B&amp;B mit sofortiger Wirkung verweigern. Die Biestraatse Weide verweigert und\/oder lehnt ab, ohne weitere Benachrichtigung und Begr\u00fcndung und ohne Erstattung der Unterkunftskosten; <\/li><li>Bei Meinungsverschiedenheiten sind die Aufzeichnungen des Eigent\u00fcmers ma\u00dfgeblich, es sei denn, die Nutzer k\u00f6nnen das Gegenteil beweisen.<\/li><\/ul><h4> <\/h4><h4><strong>Buchung und Best\u00e4tigung<\/strong><\/h4><p>F\u00fcr die Buchung eines Aufenthalts im B&amp;B De Biestraatse Weide fallen keine zus\u00e4tzlichen Kosten an.<\/p><p>Sie k\u00f6nnen den Mietvertrag \u00fcber unsere Website abschlie\u00dfen.\nDie Zahlung und die Best\u00e4tigung werden Ihnen dann automatisch zugesandt.\nEine Kontaktaufnahme per Telefon, m\u00fcndlich oder per E-Mail ist nat\u00fcrlich jederzeit m\u00f6glich.  <\/p><h4><strong>Stornierung und Nichterscheinen (nicht kommen ohne Stornierung)<\/strong><\/h4><p>F\u00fcr den unwahrscheinlichen Fall, dass Sie den abgeschlossenen Mietvertrag nicht erf\u00fcllen k\u00f6nnen, sollten Sie uns so schnell wie m\u00f6glich benachrichtigen, damit wir den daraus resultierenden freien Termin noch Dritten anbieten k\u00f6nnen.<\/p><p>Wenn Sie innerhalb von 21 Tagen vor der Ankunft stornieren, wird der Betrag nicht zur\u00fcckerstattet. Hierf\u00fcr k\u00f6nnen Sie eine eigene Stornierungsversicherung bei einer Versicherungsgesellschaft abschlie\u00dfen. <\/p><h4><strong>Der Schl\u00fcssel zum B&amp;B<\/strong><\/h4><p>Als Gast erhalten Sie den Schl\u00fcssel pers\u00f6nlich vom Vermieter, sofern nicht anders vereinbart.\nAuf diese Weise geben Sie bei Ihrer Abreise auch den Schl\u00fcssel an den Vermieter des B&amp;B De Biestraatse Weide zur\u00fcck. <\/p><p>Als Gast sind Sie daf\u00fcr verantwortlich, die Eingangst\u00fcren zum B&amp;B ordnungsgem\u00e4\u00df zu verschlie\u00dfen.<\/p><p>Der Verlust des Schl\u00fcssels geht zu Lasten des Vertragspartners (25 Euro) und wird vom Vertragspartner beim Check-out in bar oder per Rechnung beglichen.<\/p><h4><strong>Ankunft und Abreise<\/strong><\/h4><p>Am Tag der Ankunft k\u00f6nnen Sie Ihre Unterkunft ab 15:00 Uhr nutzen.<\/p><p>Am Tag der Abreise sollte die Unterkunft bis 11 Uhr frei sein.<\/p><p>Von den oben genannten Zeiten kann nach Vereinbarung abgewichen werden.<\/p><p>Im Falle einer vorzeitigen Abreise erfolgt keine R\u00fcckerstattung.<\/p><h4> <\/h4><h4><strong>Ihr Aufenthalt<\/strong><\/h4><p>L\u00e4rmbel\u00e4stigung, insbesondere zwischen 22 Uhr und 7 Uhr morgens, sollte vermieden werden.<\/p><p>Benutzen Sie das Grundst\u00fcck rund um B&amp;B De Biestraatse Weide mit Respekt vor der Natur und allen anderen Nutzern.<\/p><p>Wir k\u00f6nnen die Ruhe in der Residenz nicht immer garantieren.  <\/p><p>Die Nutzung der Unterkunft durch Dritte ist nicht gestattet.<\/p><p>Abf\u00e4lle sollten in M\u00fclleimern entsorgt werden.<\/p><p>Haustiere sind nicht erlaubt.<\/p><p>Rauchen ist nicht erlaubt<\/p>\t\t\t\t\t\t\t\t<\/div>\n\t\t\t\t<\/div>\n\t\t\t\t<\/div>\n\t\t\t\t\t<\/div>\n\t\t\t\t<\/div>\n\t\t\t\t<\/div>\n\t\t","protected":false},"excerpt":{"rendered":"<p>Algemene Bedingungen Unsere Dienstleistungen unterliegen unseren allgemeinen Gesch\u00e4ftsbedingungen. Diese finden Sie unten. Allgemeine Gesch\u00e4ftsbedingungen B&amp;B De Biestraatse Weide Gilze Vorkehrungen f\u00fcr Ihren Aufenthalt und eventuelle Stornierungen B&amp;B De Biestraatse Weide wendet die folgenden allgemeinen Gesch\u00e4ftsbedingungen an, die ab dem Zeitpunkt der Reservierung bis zum Aufenthalt in unserem B&amp;B in Kraft sind. Die allgemeinen Gesch\u00e4ftsbedingungen gelten [&hellip;]<\/p>\n","protected":false},"author":3,"featured_media":0,"parent":0,"menu_order":0,"comment_status":"closed","ping_status":"closed","template":"","meta":{"footnotes":""},"class_list":["post-961","page","type-page","status-publish","hentry"],"yoast_head":"<!-- This site is optimized with the Yoast SEO plugin v27.4 - https:\/\/yoast.com\/product\/yoast-seo-wordpress\/ -->\n<title>Allgemeine Gesch\u00e4ftsbedingungen | B&amp;B de Biestraatse Weide in Gilze<\/title>\n<meta name=\"description\" content=\"Lesen Sie auf dieser Seite noch einmal die allgemeinen Gesch\u00e4ftsbedingungen von B&amp;B de Biestraatse Weide. Zum Beispiel \u00fcber Buchung, Zahlung und Optionen.\" \/>\n<meta name=\"robots\" content=\"index, follow, max-snippet:-1, max-image-preview:large, max-video-preview:-1\" \/>\n<link rel=\"canonical\" href=\"https:\/\/debiestraatseweide.nl\/de\/allgemeine-bedingungen-und-konditionen\/\" \/>\n<meta property=\"og:locale\" content=\"de_DE\" \/>\n<meta property=\"og:type\" content=\"article\" \/>\n<meta property=\"og:title\" content=\"Allgemeine Gesch\u00e4ftsbedingungen | B&amp;B de Biestraatse Weide in Gilze\" \/>\n<meta property=\"og:description\" content=\"Lesen Sie auf dieser Seite noch einmal die allgemeinen Gesch\u00e4ftsbedingungen von B&amp;B de Biestraatse Weide. Zum Beispiel \u00fcber Buchung, Zahlung und Optionen.\" \/>\n<meta property=\"og:url\" content=\"https:\/\/debiestraatseweide.nl\/de\/allgemeine-bedingungen-und-konditionen\/\" \/>\n<meta property=\"og:site_name\" content=\"B&amp;B De Biestraatseweide\" \/>\n<meta property=\"article:modified_time\" content=\"2026-04-01T12:50:38+00:00\" \/>\n<meta name=\"twitter:card\" content=\"summary_large_image\" \/>\n<meta name=\"twitter:label1\" content=\"Gesch\u00e4tzte Lesezeit\" \/>\n\t<meta name=\"twitter:data1\" content=\"3\u00a0Minuten\" \/>\n<script type=\"application\/ld+json\" class=\"yoast-schema-graph\">{\"@context\":\"https:\\\/\\\/schema.org\",\"@graph\":[{\"@type\":\"WebPage\",\"@id\":\"https:\\\/\\\/debiestraatseweide.nl\\\/de\\\/allgemeine-bedingungen-und-konditionen\\\/\",\"url\":\"https:\\\/\\\/debiestraatseweide.nl\\\/de\\\/allgemeine-bedingungen-und-konditionen\\\/\",\"name\":\"Allgemeine Gesch\u00e4ftsbedingungen | B&B de Biestraatse Weide in Gilze\",\"isPartOf\":{\"@id\":\"https:\\\/\\\/debiestraatseweide.nl\\\/de\\\/#website\"},\"datePublished\":\"2024-12-03T13:59:01+00:00\",\"dateModified\":\"2026-04-01T12:50:38+00:00\",\"description\":\"Lesen Sie auf dieser Seite noch einmal die allgemeinen Gesch\u00e4ftsbedingungen von B&B de Biestraatse Weide. Zum Beispiel \u00fcber Buchung, Zahlung und Optionen.\",\"breadcrumb\":{\"@id\":\"https:\\\/\\\/debiestraatseweide.nl\\\/de\\\/allgemeine-bedingungen-und-konditionen\\\/#breadcrumb\"},\"inLanguage\":\"de\",\"potentialAction\":[{\"@type\":\"ReadAction\",\"target\":[\"https:\\\/\\\/debiestraatseweide.nl\\\/de\\\/allgemeine-bedingungen-und-konditionen\\\/\"]}]},{\"@type\":\"BreadcrumbList\",\"@id\":\"https:\\\/\\\/debiestraatseweide.nl\\\/de\\\/allgemeine-bedingungen-und-konditionen\\\/#breadcrumb\",\"itemListElement\":[{\"@type\":\"ListItem\",\"position\":1,\"name\":\"Home\",\"item\":\"https:\\\/\\\/debiestraatseweide.nl\\\/de\\\/startseite\\\/\"},{\"@type\":\"ListItem\",\"position\":2,\"name\":\"Allgemeine Bedingungen und Konditionen\"}]},{\"@type\":\"WebSite\",\"@id\":\"https:\\\/\\\/debiestraatseweide.nl\\\/de\\\/#website\",\"url\":\"https:\\\/\\\/debiestraatseweide.nl\\\/de\\\/\",\"name\":\"B&B De Biestraatseweide\",\"description\":\"\",\"publisher\":{\"@id\":\"https:\\\/\\\/debiestraatseweide.nl\\\/de\\\/#organization\"},\"potentialAction\":[{\"@type\":\"SearchAction\",\"target\":{\"@type\":\"EntryPoint\",\"urlTemplate\":\"https:\\\/\\\/debiestraatseweide.nl\\\/de\\\/?s={search_term_string}\"},\"query-input\":{\"@type\":\"PropertyValueSpecification\",\"valueRequired\":true,\"valueName\":\"search_term_string\"}}],\"inLanguage\":\"de\"},{\"@type\":\"Organization\",\"@id\":\"https:\\\/\\\/debiestraatseweide.nl\\\/de\\\/#organization\",\"name\":\"B&B De Biestraatseweide\",\"url\":\"https:\\\/\\\/debiestraatseweide.nl\\\/de\\\/\",\"logo\":{\"@type\":\"ImageObject\",\"inLanguage\":\"de\",\"@id\":\"https:\\\/\\\/debiestraatseweide.nl\\\/de\\\/#\\\/schema\\\/logo\\\/image\\\/\",\"url\":\"https:\\\/\\\/debiestraatseweide.nl\\\/wp-content\\\/uploads\\\/2024\\\/11\\\/logo-bb-bed-and-breakfast-de-biestraatseweide-gilze.png\",\"contentUrl\":\"https:\\\/\\\/debiestraatseweide.nl\\\/wp-content\\\/uploads\\\/2024\\\/11\\\/logo-bb-bed-and-breakfast-de-biestraatseweide-gilze.png\",\"width\":420,\"height\":319,\"caption\":\"B&B De Biestraatseweide\"},\"image\":{\"@id\":\"https:\\\/\\\/debiestraatseweide.nl\\\/de\\\/#\\\/schema\\\/logo\\\/image\\\/\"}}]}<\/script>\n<!-- \/ Yoast SEO plugin. -->","yoast_head_json":{"title":"Allgemeine Gesch\u00e4ftsbedingungen | B&B de Biestraatse Weide in Gilze","description":"Lesen Sie auf dieser Seite noch einmal die allgemeinen Gesch\u00e4ftsbedingungen von B&B de Biestraatse Weide. Zum Beispiel \u00fcber Buchung, Zahlung und Optionen.","robots":{"index":"index","follow":"follow","max-snippet":"max-snippet:-1","max-image-preview":"max-image-preview:large","max-video-preview":"max-video-preview:-1"},"canonical":"https:\/\/debiestraatseweide.nl\/de\/allgemeine-bedingungen-und-konditionen\/","og_locale":"de_DE","og_type":"article","og_title":"Allgemeine Gesch\u00e4ftsbedingungen | B&B de Biestraatse Weide in Gilze","og_description":"Lesen Sie auf dieser Seite noch einmal die allgemeinen Gesch\u00e4ftsbedingungen von B&B de Biestraatse Weide. Zum Beispiel \u00fcber Buchung, Zahlung und Optionen.","og_url":"https:\/\/debiestraatseweide.nl\/de\/allgemeine-bedingungen-und-konditionen\/","og_site_name":"B&amp;B De Biestraatseweide","article_modified_time":"2026-04-01T12:50:38+00:00","twitter_card":"summary_large_image","twitter_misc":{"Gesch\u00e4tzte Lesezeit":"3\u00a0Minuten"},"schema":{"@context":"https:\/\/schema.org","@graph":[{"@type":"WebPage","@id":"https:\/\/debiestraatseweide.nl\/de\/allgemeine-bedingungen-und-konditionen\/","url":"https:\/\/debiestraatseweide.nl\/de\/allgemeine-bedingungen-und-konditionen\/","name":"Allgemeine Gesch\u00e4ftsbedingungen | B&B de Biestraatse Weide in Gilze","isPartOf":{"@id":"https:\/\/debiestraatseweide.nl\/de\/#website"},"datePublished":"2024-12-03T13:59:01+00:00","dateModified":"2026-04-01T12:50:38+00:00","description":"Lesen Sie auf dieser Seite noch einmal die allgemeinen Gesch\u00e4ftsbedingungen von B&B de Biestraatse Weide. Zum Beispiel \u00fcber Buchung, Zahlung und Optionen.","breadcrumb":{"@id":"https:\/\/debiestraatseweide.nl\/de\/allgemeine-bedingungen-und-konditionen\/#breadcrumb"},"inLanguage":"de","potentialAction":[{"@type":"ReadAction","target":["https:\/\/debiestraatseweide.nl\/de\/allgemeine-bedingungen-und-konditionen\/"]}]},{"@type":"BreadcrumbList","@id":"https:\/\/debiestraatseweide.nl\/de\/allgemeine-bedingungen-und-konditionen\/#breadcrumb","itemListElement":[{"@type":"ListItem","position":1,"name":"Home","item":"https:\/\/debiestraatseweide.nl\/de\/startseite\/"},{"@type":"ListItem","position":2,"name":"Allgemeine Bedingungen und Konditionen"}]},{"@type":"WebSite","@id":"https:\/\/debiestraatseweide.nl\/de\/#website","url":"https:\/\/debiestraatseweide.nl\/de\/","name":"B&B De Biestraatseweide","description":"","publisher":{"@id":"https:\/\/debiestraatseweide.nl\/de\/#organization"},"potentialAction":[{"@type":"SearchAction","target":{"@type":"EntryPoint","urlTemplate":"https:\/\/debiestraatseweide.nl\/de\/?s={search_term_string}"},"query-input":{"@type":"PropertyValueSpecification","valueRequired":true,"valueName":"search_term_string"}}],"inLanguage":"de"},{"@type":"Organization","@id":"https:\/\/debiestraatseweide.nl\/de\/#organization","name":"B&B De Biestraatseweide","url":"https:\/\/debiestraatseweide.nl\/de\/","logo":{"@type":"ImageObject","inLanguage":"de","@id":"https:\/\/debiestraatseweide.nl\/de\/#\/schema\/logo\/image\/","url":"https:\/\/debiestraatseweide.nl\/wp-content\/uploads\/2024\/11\/logo-bb-bed-and-breakfast-de-biestraatseweide-gilze.png","contentUrl":"https:\/\/debiestraatseweide.nl\/wp-content\/uploads\/2024\/11\/logo-bb-bed-and-breakfast-de-biestraatseweide-gilze.png","width":420,"height":319,"caption":"B&B De Biestraatseweide"},"image":{"@id":"https:\/\/debiestraatseweide.nl\/de\/#\/schema\/logo\/image\/"}}]}},"_links":{"self":[{"href":"https:\/\/debiestraatseweide.nl\/de\/wp-json\/wp\/v2\/pages\/961","targetHints":{"allow":["GET"]}}],"collection":[{"href":"https:\/\/debiestraatseweide.nl\/de\/wp-json\/wp\/v2\/pages"}],"about":[{"href":"https:\/\/debiestraatseweide.nl\/de\/wp-json\/wp\/v2\/types\/page"}],"author":[{"embeddable":true,"href":"https:\/\/debiestraatseweide.nl\/de\/wp-json\/wp\/v2\/users\/3"}],"replies":[{"embeddable":true,"href":"https:\/\/debiestraatseweide.nl\/de\/wp-json\/wp\/v2\/comments?post=961"}],"version-history":[{"count":1,"href":"https:\/\/debiestraatseweide.nl\/de\/wp-json\/wp\/v2\/pages\/961\/revisions"}],"predecessor-version":[{"id":2042,"href":"https:\/\/debiestraatseweide.nl\/de\/wp-json\/wp\/v2\/pages\/961\/revisions\/2042"}],"wp:attachment":[{"href":"https:\/\/debiestraatseweide.nl\/de\/wp-json\/wp\/v2\/media?parent=961"}],"curies":[{"name":"wp","href":"https:\/\/api.w.org\/{rel}","templated":true}]}}